{"id":3,"date":"2025-08-21T13:08:44","date_gmt":"2025-08-21T13:08:44","guid":{"rendered":"http:\/\/biangbiangnoodle.fr\/?page_id=3"},"modified":"2025-11-03T15:02:47","modified_gmt":"2025-11-03T15:02:47","slug":"privacy-policy","status":"publish","type":"page","link":"https:\/\/biangbiangnoodle.fr\/en\/privacy-policy\/","title":{"rendered":"Privacy policy"},"content":{"rendered":"<div data-elementor-type=\"wp-page\" data-elementor-id=\"3\" class=\"elementor elementor-3\" data-elementor-post-type=\"page\">\n\t\t\t\t<div class=\"elementor-element elementor-element-7f86fa9f e-con-full e-flex elementor-invisible e-con e-parent\" data-id=\"7f86fa9f\" data-element_type=\"container\" data-e-type=\"container\" data-settings=\"{&quot;animation&quot;:&quot;fadeIn&quot;,&quot;background_background&quot;:&quot;classic&quot;}\">\n\t\t<div class=\"elementor-element elementor-element-3ad8378d e-con-full e-flex e-con e-child\" data-id=\"3ad8378d\" data-element_type=\"container\" data-e-type=\"container\">\n\t\t\t\t<div class=\"elementor-element elementor-element-5bcf83a6 elementor-widget elementor-widget-heading\" data-id=\"5bcf83a6\" data-element_type=\"widget\" data-e-type=\"widget\" data-widget_type=\"heading.default\">\n\t\t\t\t\t<p class=\"elementor-heading-title elementor-size-default\">Add your title here<\/p>\t\t\t\t<\/div>\n\t\t\t\t<\/div>\n\t\t<div class=\"elementor-element elementor-element-27bdf3cb e-con-full e-flex e-con e-child\" data-id=\"27bdf3cb\" data-element_type=\"container\" data-e-type=\"container\">\n\t\t\t\t<div class=\"elementor-element elementor-element-279ae5e4 e-transform e-transform elementor-widget elementor-widget-image\" data-id=\"279ae5e4\" data-element_type=\"widget\" data-e-type=\"widget\" data-settings=\"{&quot;_transform_rotateZ_effect&quot;:{&quot;unit&quot;:&quot;px&quot;,&quot;size&quot;:-3,&quot;sizes&quot;:[]},&quot;_transform_rotateZ_effect_hover&quot;:{&quot;unit&quot;:&quot;px&quot;,&quot;size&quot;:0,&quot;sizes&quot;:[]},&quot;_transform_rotateZ_effect_tablet&quot;:{&quot;unit&quot;:&quot;deg&quot;,&quot;size&quot;:&quot;&quot;,&quot;sizes&quot;:[]},&quot;_transform_rotateZ_effect_mobile&quot;:{&quot;unit&quot;:&quot;deg&quot;,&quot;size&quot;:&quot;&quot;,&quot;sizes&quot;:[]},&quot;_transform_rotateZ_effect_hover_tablet&quot;:{&quot;unit&quot;:&quot;deg&quot;,&quot;size&quot;:&quot;&quot;,&quot;sizes&quot;:[]},&quot;_transform_rotateZ_effect_hover_mobile&quot;:{&quot;unit&quot;:&quot;deg&quot;,&quot;size&quot;:&quot;&quot;,&quot;sizes&quot;:[]}}\" data-widget_type=\"image.default\">\n\t\t\t\t\t\t\t\t\t\t\t\t\t\t\t\t<a href=\"https:\/\/gold-turtle-756603.hostingersite.com\/home\/\">\n\t\t\t\t\t\t\t<img fetchpriority=\"high\" decoding=\"async\" width=\"800\" height=\"205\" src=\"https:\/\/biangbiangnoodle.fr\/wp-content\/uploads\/2025\/10\/logo-biangbiangnoodle-2-1024x262.png\" class=\"attachment-large size-large wp-image-143\" alt=\"\" srcset=\"https:\/\/biangbiangnoodle.fr\/wp-content\/uploads\/2025\/10\/logo-biangbiangnoodle-2-1024x262.png 1024w, https:\/\/biangbiangnoodle.fr\/wp-content\/uploads\/2025\/10\/logo-biangbiangnoodle-2-300x77.png 300w, https:\/\/biangbiangnoodle.fr\/wp-content\/uploads\/2025\/10\/logo-biangbiangnoodle-2-768x196.png 768w, https:\/\/biangbiangnoodle.fr\/wp-content\/uploads\/2025\/10\/logo-biangbiangnoodle-2-18x5.png 18w, https:\/\/biangbiangnoodle.fr\/wp-content\/uploads\/2025\/10\/logo-biangbiangnoodle-2.png 1509w\" sizes=\"(max-width: 800px) 100vw, 800px\" \/>\t\t\t\t\t\t\t\t<\/a>\n\t\t\t\t\t\t\t\t\t\t\t\t\t\t\t<\/div>\n\t\t\t\t<\/div>\n\t\t<div class=\"elementor-element elementor-element-3bbbe17c e-con-full e-flex e-con e-child\" data-id=\"3bbbe17c\" data-element_type=\"container\" data-e-type=\"container\">\n\t\t\t\t<div class=\"elementor-element elementor-element-751e4490 elementor-align-justify elementor-widget__width-initial elementor-widget elementor-widget-button\" data-id=\"751e4490\" data-element_type=\"widget\" data-e-type=\"widget\" data-widget_type=\"button.default\">\n\t\t\t\t\t\t\t\t\t\t<a class=\"elementor-button elementor-button-link elementor-size-sm\" href=\"https:\/\/gold-turtle-756603.hostingersite.com\/menu\/\">\n\t\t\t\t\t\t<span class=\"elementor-button-content-wrapper\">\n\t\t\t\t\t\t\t\t\t<span class=\"elementor-button-text\">Menu<\/span>\n\t\t\t\t\t<\/span>\n\t\t\t\t\t<\/a>\n\t\t\t\t\t\t\t\t<\/div>\n\t\t\t\t<div class=\"elementor-element elementor-element-392ae06e elementor-align-justify elementor-widget__width-initial elementor-widget elementor-widget-button\" data-id=\"392ae06e\" data-element_type=\"widget\" data-e-type=\"widget\" data-widget_type=\"button.default\">\n\t\t\t\t\t\t\t\t\t\t<a class=\"elementor-button elementor-button-link elementor-size-sm\" href=\"https:\/\/gold-turtle-756603.hostingersite.com\/nos-nouilles\/\">\n\t\t\t\t\t\t<span class=\"elementor-button-content-wrapper\">\n\t\t\t\t\t\t\t\t\t<span class=\"elementor-button-text\">noodles<\/span>\n\t\t\t\t\t<\/span>\n\t\t\t\t\t<\/a>\n\t\t\t\t\t\t\t\t<\/div>\n\t\t\t\t<div class=\"elementor-element elementor-element-6c92a726 elementor-align-justify elementor-widget__width-initial elementor-widget elementor-widget-button\" data-id=\"6c92a726\" data-element_type=\"widget\" data-e-type=\"widget\" data-widget_type=\"button.default\">\n\t\t\t\t\t\t\t\t\t\t<a class=\"elementor-button elementor-button-link elementor-size-sm\" href=\"https:\/\/gold-turtle-756603.hostingersite.com\/contact\/\">\n\t\t\t\t\t\t<span class=\"elementor-button-content-wrapper\">\n\t\t\t\t\t\t\t\t\t<span class=\"elementor-button-text\">Contact<\/span>\n\t\t\t\t\t<\/span>\n\t\t\t\t\t<\/a>\n\t\t\t\t\t\t\t\t<\/div>\n\t\t\t\t<\/div>\n\t\t\t\t<\/div>\n\t\t<div class=\"elementor-element elementor-element-6af7c42f e-flex e-con-boxed e-con e-parent\" data-id=\"6af7c42f\" data-element_type=\"container\" data-e-type=\"container\">\n\t\t\t\t\t<div class=\"e-con-inner\">\n\t\t\t\t<div class=\"elementor-element elementor-element-245307fd elementor-widget elementor-widget-text-editor\" data-id=\"245307fd\" data-element_type=\"widget\" data-e-type=\"widget\" data-widget_type=\"text-editor.default\">\n\t\t\t\t\t\t\t\t\t<p class=\"p1\"><b>Last update: October 6, 2025<\/b><b><\/b><\/p><h3><b>1. Introduction<\/b><\/h3><p class=\"p4\">The website <span class=\"s2\"><b>XI'AN DINING<\/b><\/span> (hereafter \"the Site\") is a purely informative site presenting our restaurant, our menu and our contact details.<\/p><p class=\"p4\">No personal data is collected simply by consulting the Site.<\/p><h3><b>2. Personal data<\/b><\/h3><p class=\"p4\">The Site does not collect <span class=\"s2\"><b>no personal data<\/b><\/span> via forms, registrations or advertising cookies.<\/p><p class=\"p4\">No information such as name, e-mail address or telephone number is requested or recorded.<\/p><h3><b>3. Cookies<\/b><\/h3><p class=\"p4\">The Site may use <span class=\"s2\"><b>strictly necessary cookies<\/b><\/span> proper operation (page display, mobile compatibility, site security, etc.).<\/p><p class=\"p4\">These cookies do not identify you personally and are not used for statistical, commercial or advertising purposes.<\/p><p class=\"p4\">You can set your browser to refuse or delete cookies at any time.<\/p><h3><b>4. External links<\/b><\/h3><p class=\"p4\">The Site may contain links to external sites (e.g. Google Maps, social networks, delivery platforms).<\/p><p class=\"p4\">We are not responsible for the content or privacy policies of these third-party sites.<\/p><h3><b>5. Site security<\/b><\/h3><p class=\"p4\">The Site is hosted on a secure server that is regularly updated to ensure the protection of visitors.<\/p><p class=\"p4\">No sensitive data is stored on the Site.<\/p><h3><b>6. Responsible for processing and publication<\/b><\/h3><p class=\"p1\"><b>Company name :<\/b><span class=\"s3\"> XI'AN DINING<\/span><\/p><p class=\"p4\"><span class=\"s2\"><b>Legal form :<\/b><\/span> Limited liability company (SARL \u00e0 associ\u00e9 unique)<\/p><p class=\"p1\"><b>Share capital :<\/b><span class=\"s3\"> 3 000 \u20ac<\/span><\/p><p class=\"p4\"><span class=\"s2\"><b>Head office :<\/b><\/span> 48 rue Chapon, 75003 Paris, France<\/p><p class=\"p1\"><b>Registered with the RCS of Paris under number :<\/b><span class=\"s3\"> 909 241 259<\/span><\/p><p class=\"p4\"><span class=\"s2\"><b>Manager:<\/b><\/span> Mr Wang Tao<\/p><p class=\"p4\"><span class=\"s2\"><b>Contact e-mail address :<\/b><\/span> [<b>hotwindzone@gmail.com<\/b>]<\/p><h3><b>7. Site host<\/b><\/h3><p class=\"p4\">The site is hosted by :<\/p><p class=\"p1\"><b>Hostinger International Ltd.<\/b><b><\/b><\/p><p class=\"p4\">Address: 61 Lordou Vironos Street, 6023 Larnaca, Cyprus<\/p><p class=\"p4\">Website : <a href=\"https:\/\/www.hostinger.fr\">www.hostinger.fr<\/a><\/p><h3><b>8. Contact<\/b><\/h3><p class=\"p4\">If you have any questions about this privacy policy, you can contact us at :<\/p><p class=\"p1\"><span class=\"s3\">\ud83d\udce7 <\/span><b>[hotwindzone@gmail.com]<\/b><\/p><p><!-- \/wp:paragraph --><\/p>\t\t\t\t\t\t\t\t<\/div>\n\t\t\t\t\t<\/div>\n\t\t\t\t<\/div>\n\t\t<div class=\"elementor-element elementor-element-3ae274ea e-flex e-con-boxed e-con e-parent\" data-id=\"3ae274ea\" data-element_type=\"container\" data-e-type=\"container\" data-settings=\"{&quot;background_background&quot;:&quot;classic&quot;}\">\n\t\t\t\t\t<div class=\"e-con-inner\">\n\t\t<div class=\"elementor-element elementor-element-209ee73d e-con-full e-flex e-con e-child\" data-id=\"209ee73d\" data-element_type=\"container\" data-e-type=\"container\">\n\t\t\t\t<div class=\"elementor-element elementor-element-3736877 e-transform e-transform elementor-widget elementor-widget-image\" data-id=\"3736877\" data-element_type=\"widget\" data-e-type=\"widget\" data-settings=\"{&quot;_transform_rotateZ_effect&quot;:{&quot;unit&quot;:&quot;px&quot;,&quot;size&quot;:-3,&quot;sizes&quot;:[]},&quot;_transform_rotateZ_effect_hover&quot;:{&quot;unit&quot;:&quot;px&quot;,&quot;size&quot;:0,&quot;sizes&quot;:[]},&quot;_transform_rotateZ_effect_tablet&quot;:{&quot;unit&quot;:&quot;deg&quot;,&quot;size&quot;:&quot;&quot;,&quot;sizes&quot;:[]},&quot;_transform_rotateZ_effect_mobile&quot;:{&quot;unit&quot;:&quot;deg&quot;,&quot;size&quot;:&quot;&quot;,&quot;sizes&quot;:[]},&quot;_transform_rotateZ_effect_hover_tablet&quot;:{&quot;unit&quot;:&quot;deg&quot;,&quot;size&quot;:&quot;&quot;,&quot;sizes&quot;:[]},&quot;_transform_rotateZ_effect_hover_mobile&quot;:{&quot;unit&quot;:&quot;deg&quot;,&quot;size&quot;:&quot;&quot;,&quot;sizes&quot;:[]}}\" data-widget_type=\"image.default\">\n\t\t\t\t\t\t\t\t\t\t\t\t\t\t\t<img fetchpriority=\"high\" decoding=\"async\" width=\"800\" height=\"205\" src=\"https:\/\/biangbiangnoodle.fr\/wp-content\/uploads\/2025\/10\/logo-biangbiangnoodle-2-1024x262.png\" class=\"attachment-large size-large wp-image-143\" alt=\"\" srcset=\"https:\/\/biangbiangnoodle.fr\/wp-content\/uploads\/2025\/10\/logo-biangbiangnoodle-2-1024x262.png 1024w, https:\/\/biangbiangnoodle.fr\/wp-content\/uploads\/2025\/10\/logo-biangbiangnoodle-2-300x77.png 300w, https:\/\/biangbiangnoodle.fr\/wp-content\/uploads\/2025\/10\/logo-biangbiangnoodle-2-768x196.png 768w, https:\/\/biangbiangnoodle.fr\/wp-content\/uploads\/2025\/10\/logo-biangbiangnoodle-2-18x5.png 18w, https:\/\/biangbiangnoodle.fr\/wp-content\/uploads\/2025\/10\/logo-biangbiangnoodle-2.png 1509w\" sizes=\"(max-width: 800px) 100vw, 800px\" \/>\t\t\t\t\t\t\t\t\t\t\t\t\t\t\t<\/div>\n\t\t\t\t<\/div>\n\t\t<div class=\"elementor-element elementor-element-5d4dcfc9 e-con-full e-flex e-con e-child\" data-id=\"5d4dcfc9\" data-element_type=\"container\" data-e-type=\"container\">\n\t\t\t\t<div class=\"elementor-element elementor-element-575514fa elementor-widget__width-initial elementor-widget elementor-widget-heading\" data-id=\"575514fa\" data-element_type=\"widget\" data-e-type=\"widget\" data-widget_type=\"heading.default\">\n\t\t\t\t\t<h2 class=\"elementor-heading-title elementor-size-default\">Xi'an Street Flavors<\/h2>\t\t\t\t<\/div>\n\t\t\t\t<div class=\"elementor-element elementor-element-2b0a6497 elementor-widget elementor-widget-button\" data-id=\"2b0a6497\" data-element_type=\"widget\" data-e-type=\"widget\" data-widget_type=\"button.default\">\n\t\t\t\t\t\t\t\t\t\t<a class=\"elementor-button elementor-button-link elementor-size-sm\" href=\"https:\/\/gold-turtle-756603.hostingersite.com\/contact\/\">\n\t\t\t\t\t\t<span class=\"elementor-button-content-wrapper\">\n\t\t\t\t\t\t\t\t\t<span class=\"elementor-button-text\">Reservation<\/span>\n\t\t\t\t\t<\/span>\n\t\t\t\t\t<\/a>\n\t\t\t\t\t\t\t\t<\/div>\n\t\t\t\t<\/div>\n\t\t\t\t<div class=\"elementor-element elementor-element-3b76c623 elementor-widget-divider--view-line elementor-widget elementor-widget-divider\" data-id=\"3b76c623\" data-element_type=\"widget\" data-e-type=\"widget\" data-widget_type=\"divider.default\">\n\t\t\t\t\t\t\t<div class=\"elementor-divider\">\n\t\t\t<span class=\"elementor-divider-separator\">\n\t\t\t\t\t\t<\/span>\n\t\t<\/div>\n\t\t\t\t\t\t<\/div>\n\t\t<div class=\"elementor-element elementor-element-1cbcb985 e-con-full e-flex e-con e-child\" data-id=\"1cbcb985\" data-element_type=\"container\" data-e-type=\"container\">\n\t\t<div class=\"elementor-element elementor-element-729cc29 e-con-full e-flex e-con e-child\" data-id=\"729cc29\" data-element_type=\"container\" data-e-type=\"container\">\n\t\t\t\t<div class=\"elementor-element elementor-element-50edfc0b elementor-widget elementor-widget-text-editor\" data-id=\"50edfc0b\" data-element_type=\"widget\" data-e-type=\"widget\" data-widget_type=\"text-editor.default\">\n\t\t\t\t\t\t\t\t\t<p>Opening hours<\/p>\t\t\t\t\t\t\t\t<\/div>\n\t\t\t\t<div class=\"elementor-element elementor-element-1c108cd4 elementor-icon-list--layout-traditional elementor-list-item-link-full_width elementor-widget elementor-widget-icon-list\" data-id=\"1c108cd4\" data-element_type=\"widget\" data-e-type=\"widget\" data-widget_type=\"icon-list.default\">\n\t\t\t\t\t\t\t<ul class=\"elementor-icon-list-items\">\n\t\t\t\t\t\t\t<li class=\"elementor-icon-list-item\">\n\t\t\t\t\t\t\t\t\t\t<span class=\"elementor-icon-list-text\">Tuesday - Sunday: 11:30-14:30, 18:00-21:30<\/span>\n\t\t\t\t\t\t\t\t\t<\/li>\n\t\t\t\t\t\t\t\t<li class=\"elementor-icon-list-item\">\n\t\t\t\t\t\t\t\t\t\t<span class=\"elementor-icon-list-text\">Monday closed<\/span>\n\t\t\t\t\t\t\t\t\t<\/li>\n\t\t\t\t\t\t<\/ul>\n\t\t\t\t\t\t<\/div>\n\t\t\t\t<\/div>\n\t\t<div class=\"elementor-element elementor-element-2fe9ec37 e-con-full e-flex e-con e-child\" data-id=\"2fe9ec37\" data-element_type=\"container\" data-e-type=\"container\">\n\t\t\t\t<div class=\"elementor-element elementor-element-5aa79653 elementor-widget elementor-widget-text-editor\" data-id=\"5aa79653\" data-element_type=\"widget\" data-e-type=\"widget\" data-widget_type=\"text-editor.default\">\n\t\t\t\t\t\t\t\t\t<p>Contact<\/p>\t\t\t\t\t\t\t\t<\/div>\n\t\t\t\t<div class=\"elementor-element elementor-element-153af836 elementor-icon-list--layout-traditional elementor-list-item-link-full_width elementor-widget elementor-widget-icon-list\" data-id=\"153af836\" data-element_type=\"widget\" data-e-type=\"widget\" data-widget_type=\"icon-list.default\">\n\t\t\t\t\t\t\t<ul class=\"elementor-icon-list-items\">\n\t\t\t\t\t\t\t<li class=\"elementor-icon-list-item\">\n\t\t\t\t\t\t\t\t\t\t\t<a href=\"https:\/\/maps.app.goo.gl\/376Kb2gcZXdEnm9D8\">\n\n\t\t\t\t\t\t\t\t\t\t\t<span class=\"elementor-icon-list-text\">48 Rue Chapon, 75003 Paris<\/span>\n\t\t\t\t\t\t\t\t\t\t\t<\/a>\n\t\t\t\t\t\t\t\t\t<\/li>\n\t\t\t\t\t\t\t\t<li class=\"elementor-icon-list-item\">\n\t\t\t\t\t\t\t\t\t\t<span class=\"elementor-icon-list-text\">09 88 54 48 91<\/span>\n\t\t\t\t\t\t\t\t\t<\/li>\n\t\t\t\t\t\t<\/ul>\n\t\t\t\t\t\t<\/div>\n\t\t\t\t<div class=\"elementor-element elementor-element-5d5a334f elementor-icon-list--layout-traditional elementor-list-item-link-full_width elementor-widget elementor-widget-icon-list\" data-id=\"5d5a334f\" data-element_type=\"widget\" data-e-type=\"widget\" data-widget_type=\"icon-list.default\">\n\t\t\t\t\t\t\t<ul class=\"elementor-icon-list-items\">\n\t\t\t\t\t\t\t<li class=\"elementor-icon-list-item\">\n\t\t\t\t\t\t\t\t\t\t\t<a href=\"https:\/\/maps.app.goo.gl\/dT8V3JNPQCMYk1h68\">\n\n\t\t\t\t\t\t\t\t\t\t\t<span class=\"elementor-icon-list-text\">104 Rue de la Roquette, 75011 Paris<\/span>\n\t\t\t\t\t\t\t\t\t\t\t<\/a>\n\t\t\t\t\t\t\t\t\t<\/li>\n\t\t\t\t\t\t\t\t<li class=\"elementor-icon-list-item\">\n\t\t\t\t\t\t\t\t\t\t<span class=\"elementor-icon-list-text\">09 88 54 48 91<\/span>\n\t\t\t\t\t\t\t\t\t<\/li>\n\t\t\t\t\t\t<\/ul>\n\t\t\t\t\t\t<\/div>\n\t\t\t\t<\/div>\n\t\t<div class=\"elementor-element elementor-element-fbddbb e-con-full e-flex e-con e-child\" data-id=\"fbddbb\" data-element_type=\"container\" data-e-type=\"container\">\n\t\t\t\t<div class=\"elementor-element elementor-element-202cfc6 elementor-widget elementor-widget-text-editor\" data-id=\"202cfc6\" data-element_type=\"widget\" data-e-type=\"widget\" data-widget_type=\"text-editor.default\">\n\t\t\t\t\t\t\t\t\t<p>Pages<\/p>\t\t\t\t\t\t\t\t<\/div>\n\t\t\t\t<div class=\"elementor-element elementor-element-a5fff5f elementor-icon-list--layout-traditional elementor-list-item-link-full_width elementor-widget elementor-widget-icon-list\" data-id=\"a5fff5f\" data-element_type=\"widget\" data-e-type=\"widget\" data-widget_type=\"icon-list.default\">\n\t\t\t\t\t\t\t<ul class=\"elementor-icon-list-items\">\n\t\t\t\t\t\t\t<li class=\"elementor-icon-list-item\">\n\t\t\t\t\t\t\t\t\t\t\t<a href=\"https:\/\/gold-turtle-756603.hostingersite.com\/home\/\">\n\n\t\t\t\t\t\t\t\t\t\t\t<span class=\"elementor-icon-list-text\">Home<\/span>\n\t\t\t\t\t\t\t\t\t\t\t<\/a>\n\t\t\t\t\t\t\t\t\t<\/li>\n\t\t\t\t\t\t\t\t<li class=\"elementor-icon-list-item\">\n\t\t\t\t\t\t\t\t\t\t\t<a href=\"https:\/\/gold-turtle-756603.hostingersite.com\/nos-nouilles\/\">\n\n\t\t\t\t\t\t\t\t\t\t\t<span class=\"elementor-icon-list-text\">Our noodles<\/span>\n\t\t\t\t\t\t\t\t\t\t\t<\/a>\n\t\t\t\t\t\t\t\t\t<\/li>\n\t\t\t\t\t\t\t\t<li class=\"elementor-icon-list-item\">\n\t\t\t\t\t\t\t\t\t\t\t<a href=\"https:\/\/gold-turtle-756603.hostingersite.com\/menu\/\">\n\n\t\t\t\t\t\t\t\t\t\t\t<span class=\"elementor-icon-list-text\">Manu<\/span>\n\t\t\t\t\t\t\t\t\t\t\t<\/a>\n\t\t\t\t\t\t\t\t\t<\/li>\n\t\t\t\t\t\t\t\t<li class=\"elementor-icon-list-item\">\n\t\t\t\t\t\t\t\t\t\t\t<a href=\"https:\/\/gold-turtle-756603.hostingersite.com\/contact\/\">\n\n\t\t\t\t\t\t\t\t\t\t\t<span class=\"elementor-icon-list-text\">Contact<\/span>\n\t\t\t\t\t\t\t\t\t\t\t<\/a>\n\t\t\t\t\t\t\t\t\t<\/li>\n\t\t\t\t\t\t<\/ul>\n\t\t\t\t\t\t<\/div>\n\t\t\t\t<\/div>\n\t\t\t\t<\/div>\n\t\t<div class=\"elementor-element elementor-element-769372 e-con-full e-flex e-con e-child\" data-id=\"769372\" data-element_type=\"container\" data-e-type=\"container\">\n\t\t<div class=\"elementor-element elementor-element-378af176 e-con-full e-flex e-con e-child\" data-id=\"378af176\" data-element_type=\"container\" data-e-type=\"container\">\n\t\t\t\t<div class=\"elementor-element elementor-element-34f25c8d elementor-widget elementor-widget-text-editor\" data-id=\"34f25c8d\" data-element_type=\"widget\" data-e-type=\"widget\" data-widget_type=\"text-editor.default\">\n\t\t\t\t\t\t\t\t\t<p>Copyright \u00a9 2025 Biangbiang Noodle. <a href=\"https:\/\/gold-turtle-756603.hostingersite.com\/privacy-policy\/?preview_id=3&amp;preview_nonce=978153b8a9&amp;preview=true\">Privacy policy<\/a><\/p>\t\t\t\t\t\t\t\t<\/div>\n\t\t\t\t<\/div>\n\t\t<div class=\"elementor-element elementor-element-5a1988e2 e-con-full e-flex e-con e-child\" data-id=\"5a1988e2\" data-element_type=\"container\" data-e-type=\"container\">\n\t\t\t\t<div class=\"elementor-element elementor-element-38ca545c e-grid-align-left elementor-shape-rounded elementor-grid-0 elementor-widget elementor-widget-social-icons\" data-id=\"38ca545c\" data-element_type=\"widget\" data-e-type=\"widget\" data-widget_type=\"social-icons.default\">\n\t\t\t\t\t\t\t<div class=\"elementor-social-icons-wrapper elementor-grid\" role=\"list\">\n\t\t\t\t\t\t\t<span class=\"elementor-grid-item\" role=\"listitem\">\n\t\t\t\t\t<a class=\"elementor-icon elementor-social-icon elementor-social-icon-icon-instagram-1 elementor-animation-float elementor-repeater-item-1979657\" target=\"_blank\">\n\t\t\t\t\t\t<span class=\"elementor-screen-only\">Icon-instagram-1<\/span>\n\t\t\t\t\t\t<i aria-hidden=\"true\" class=\"icon icon-instagram-1\"><\/i>\t\t\t\t\t<\/a>\n\t\t\t\t<\/span>\n\t\t\t\t\t\t\t<span class=\"elementor-grid-item\" role=\"listitem\">\n\t\t\t\t\t<a class=\"elementor-icon elementor-social-icon elementor-social-icon-tiktok elementor-animation-float elementor-repeater-item-e14d85c\" target=\"_blank\">\n\t\t\t\t\t\t<span class=\"elementor-screen-only\">Tiktok<\/span>\n\t\t\t\t\t\t<svg aria-hidden=\"true\" class=\"e-font-icon-svg e-fab-tiktok\" viewbox=\"0 0 448 512\" xmlns=\"http:\/\/www.w3.org\/2000\/svg\"><path d=\"M448,209.91a210.06,210.06,0,0,1-122.77-39.25V349.38A162.55,162.55,0,1,1,185,188.31V278.2a74.62,74.62,0,1,0,52.23,71.18V0l88,0a121.18,121.18,0,0,0,1.86,22.17h0A122.18,122.18,0,0,0,381,102.39a121.43,121.43,0,0,0,67,20.14Z\"><\/path><\/svg>\t\t\t\t\t<\/a>\n\t\t\t\t<\/span>\n\t\t\t\t\t\t\t<span class=\"elementor-grid-item\" role=\"listitem\">\n\t\t\t\t\t<a class=\"elementor-icon elementor-social-icon elementor-social-icon-google elementor-animation-float elementor-repeater-item-405e697\" target=\"_blank\">\n\t\t\t\t\t\t<span class=\"elementor-screen-only\">Google<\/span>\n\t\t\t\t\t\t<svg aria-hidden=\"true\" class=\"e-font-icon-svg e-fab-google\" viewbox=\"0 0 488 512\" xmlns=\"http:\/\/www.w3.org\/2000\/svg\"><path d=\"M488 261.8C488 403.3 391.1 504 248 504 110.8 504 0 393.2 0 256S110.8 8 248 8c66.8 0 123 24.5 166.3 64.9l-67.5 64.9C258.5 52.6 94.3 116.6 94.3 256c0 86.5 69.1 156.6 153.7 156.6 98.2 0 135-70.4 140.8-106.9H248v-85.3h236.1c2.3 12.7 3.9 24.9 3.9 41.4z\"><\/path><\/svg>\t\t\t\t\t<\/a>\n\t\t\t\t<\/span>\n\t\t\t\t\t<\/div>\n\t\t\t\t\t\t<\/div>\n\t\t\t\t<\/div>\n\t\t\t\t<\/div>\n\t\t\t\t\t<\/div>\n\t\t\t\t<\/div>\n\t\t\t\t<\/div>","protected":false},"excerpt":{"rendered":"<p>Ajoutez votre titre ici Menu nouilles Contact Derni\u00e8re mise \u00e0 jour : 6 octobre 2025 1. Introduction Le site internet XI\u2019AN DINING (ci-apr\u00e8s \u00ab le Site \u00bb) est un site purement informatif pr\u00e9sentant notre restaurant, notre menu et nos coordonn\u00e9es. Aucune donn\u00e9e personnelle n\u2019est collect\u00e9e lors de la simple consultation du Site. 2. Donn\u00e9es personnelles [&hellip;]<\/p>","protected":false},"author":1,"featured_media":0,"parent":0,"menu_order":0,"comment_status":"closed","ping_status":"open","template":"elementor_canvas","meta":{"footnotes":""},"class_list":["post-3","page","type-page","status-publish","hentry"],"_links":{"self":[{"href":"https:\/\/biangbiangnoodle.fr\/en\/wp-json\/wp\/v2\/pages\/3","targetHints":{"allow":["GET"]}}],"collection":[{"href":"https:\/\/biangbiangnoodle.fr\/en\/wp-json\/wp\/v2\/pages"}],"about":[{"href":"https:\/\/biangbiangnoodle.fr\/en\/wp-json\/wp\/v2\/types\/page"}],"author":[{"embeddable":true,"href":"https:\/\/biangbiangnoodle.fr\/en\/wp-json\/wp\/v2\/users\/1"}],"replies":[{"embeddable":true,"href":"https:\/\/biangbiangnoodle.fr\/en\/wp-json\/wp\/v2\/comments?post=3"}],"version-history":[{"count":27,"href":"https:\/\/biangbiangnoodle.fr\/en\/wp-json\/wp\/v2\/pages\/3\/revisions"}],"predecessor-version":[{"id":741,"href":"https:\/\/biangbiangnoodle.fr\/en\/wp-json\/wp\/v2\/pages\/3\/revisions\/741"}],"wp:attachment":[{"href":"https:\/\/biangbiangnoodle.fr\/en\/wp-json\/wp\/v2\/media?parent=3"}],"curies":[{"name":"wp","href":"https:\/\/api.w.org\/{rel}","templated":true}]}}